{"id":341,"date":"2019-10-23T08:23:39","date_gmt":"2019-10-23T08:23:39","guid":{"rendered":"http:\/\/source.wpopal.com\/rehomes\/?page_id=341"},"modified":"2021-05-22T22:31:15","modified_gmt":"2021-05-22T22:31:15","slug":"contactanos","status":"publish","type":"page","link":"https:\/\/siteinmobiliaria.com\/en\/contactanos\/","title":{"rendered":"Contact us"},"content":{"rendered":"<div data-elementor-type=\"wp-page\" data-elementor-id=\"341\" class=\"elementor elementor-341\" data-elementor-settings=\"[]\">\n\t\t\t\t\t\t<div class=\"elementor-inner\">\n\t\t\t\t\t\t\t<div class=\"elementor-section-wrap\">\n\t\t\t\t\t\t\t<section class=\"elementor-section elementor-top-section elementor-element elementor-element-2fc9969 elementor-section-boxed elementor-section-height-default elementor-section-height-default\" data-id=\"2fc9969\" data-element_type=\"section\">\n\t\t\t\t\t\t<div class=\"elementor-container elementor-column-gap-no\">\n\t\t\t\t\t\t\t<div class=\"elementor-row\">\n\t\t\t\t\t<div class=\"elementor-column elementor-col-50 elementor-top-column elementor-element elementor-element-6a0d2ef\" data-id=\"6a0d2ef\" data-element_type=\"column\">\n\t\t\t<div class=\"elementor-column-wrap elementor-element-populated\">\n\t\t\t\t\t\t\t<div class=\"elementor-widget-wrap\">\n\t\t\t\t\t\t<div class=\"elementor-element elementor-element-cce7dd1 animated-fast elementor-invisible elementor-widget elementor-widget-heading\" data-id=\"cce7dd1\" data-element_type=\"widget\" data-settings=\"{&quot;_animation&quot;:&quot;opal-move-up&quot;}\" data-widget_type=\"heading.default\">\n\t\t\t\t<div class=\"elementor-widget-container\">\n\t\t\t<div class=\"elementor-heading-wrapper\" ><span class=\"sub-title\">Contact us<\/span><div class=\"elementor-heading-wrapper-inner\"><h2 class=\"elementor-heading-title elementor-size-default translation-block\">One of our brokers will be happy to assist you<\/h2><\/div><\/div>\t\t<\/div>\n\t\t\t\t<\/div>\n\t\t\t\t<div class=\"elementor-element elementor-element-95665a6 animated-fast elementor-invisible elementor-widget elementor-widget-heading\" data-id=\"95665a6\" data-element_type=\"widget\" data-settings=\"{&quot;_animation&quot;:&quot;opal-move-up&quot;}\" data-widget_type=\"heading.default\">\n\t\t\t\t<div class=\"elementor-widget-container\">\n\t\t\t<div class=\"elementor-heading-wrapper\" ><div class=\"elementor-heading-wrapper-inner\"><h2 class=\"elementor-heading-title elementor-size-default\">Our Offices<\/h2><\/div><\/div>\t\t<\/div>\n\t\t\t\t<\/div>\n\t\t\t\t<div class=\"elementor-element elementor-element-8a50b9a animated-fast icon-list-style1 elementor-invisible elementor-widget elementor-widget-icon-list\" data-id=\"8a50b9a\" data-element_type=\"widget\" data-settings=\"{&quot;_animation&quot;:&quot;opal-move-up&quot;}\" data-widget_type=\"icon-list.default\">\n\t\t\t\t<div class=\"elementor-widget-container\">\n\t\t\t        <ul class=\"elementor-icon-list-items\">\n                            <li class=\"elementor-icon-list-item\" >\n                    <a href=\"https:\/\/goo.gl\/maps\/Z3w25xDfXyEH2osj7\" target=\"_blank\">                        <span class=\"elementor-icon-list-icon\">\n\t\t\t\t\t\t\t<i class=\"fa fa-map-o\" aria-hidden=\"true\"><\/i>\n\t\t\t\t\t\t<\/span>\n                                        <span class=\"elementor-icon-list-text\">Quer\u00e9taro Business Park, Tower 1, Floor 2, Office C, Antea Street No. 1088, Col. Jurica CP. 76100 Quer\u00e9taro, Mexico.<\/span>\n                                            <\/a>\n                                    <\/li>\n                            <li class=\"elementor-icon-list-item\" >\n                    <a href=\"mailto:informes@siteinmobiliaria.com\">                        <span class=\"elementor-icon-list-icon\">\n\t\t\t\t\t\t\t<i class=\"fa fa-envelope-o\" aria-hidden=\"true\"><\/i>\n\t\t\t\t\t\t<\/span>\n                                        <span class=\"elementor-icon-list-text\">informes@siteinmobiliaria.com<\/span>\n                                            <\/a>\n                                    <\/li>\n                            <li class=\"elementor-icon-list-item\" >\n                    <a href=\"tel:4422185585\">                        <span class=\"elementor-icon-list-icon\">\n\t\t\t\t\t\t\t<i class=\"fa fa-phone\" aria-hidden=\"true\"><\/i>\n\t\t\t\t\t\t<\/span>\n                                        <span class=\"elementor-icon-list-text\">+52 (442) 218 5585<\/span>\n                                            <\/a>\n                                    <\/li>\n                            <li class=\"elementor-icon-list-item\" >\n                                            <span class=\"elementor-icon-list-icon\">\n\t\t\t\t\t\t\t<i class=\"fa fa-clock-o\" aria-hidden=\"true\"><\/i>\n\t\t\t\t\t\t<\/span>\n                                        <span class=\"elementor-icon-list-text\">Monday to Friday: 9:00am to 7:00pm (GMT-5)<\/span>\n                                    <\/li>\n                    <\/ul>\n        \t\t<\/div>\n\t\t\t\t<\/div>\n\t\t\t\t\t\t<\/div>\n\t\t\t\t\t<\/div>\n\t\t<\/div>\n\t\t\t\t<div class=\"elementor-column elementor-col-50 elementor-top-column elementor-element elementor-element-ebdf4de\" data-id=\"ebdf4de\" data-element_type=\"column\">\n\t\t\t<div class=\"elementor-column-wrap elementor-element-populated\">\n\t\t\t\t\t\t\t<div class=\"elementor-widget-wrap\">\n\t\t\t\t\t\t<div class=\"elementor-element elementor-element-59c0f27 animated-fast elementor-invisible elementor-widget elementor-widget-opal-image-hotspots\" data-id=\"59c0f27\" data-element_type=\"widget\" data-settings=\"{&quot;_animation&quot;:&quot;opal-move-up&quot;,&quot;_animation_delay&quot;:150}\" data-widget_type=\"opal-image-hotspots.default\">\n\t\t\t\t<div class=\"elementor-widget-container\">\n\t\t\t                <div id=\"opal-image-hotspots-59c0f27\"\n             class=\"opal-image-hotspots-container\"\n             data-settings='{\"anim\":\"fade\",\"animDur\":350,\"delay\":10,\"arrow\":true,\"distance\":6,\"minWidth\":0,\"maxWidth\":\"null\",\"side\":[\"top\",\"bottom\"],\"hideMobiles\":false,\"trigger\":\"click\",\"id\":\"59c0f27\"}'>\n            <img class=\"opal-addons-image-hotspots-ib-img\" alt=\"Background\" src=\"https:\/\/siteinmobiliaria.com\/wp-content\/uploads\/2021\/03\/Mapa-de-covertura-de-Site-soluciones-inmobiliarias.png\">\n                            <div class=\"opal-image-hotspots-anim opal-image-hotspots-main-icons elementor-repeater-item-9ea32c4 tooltip-wrapper opal-image-hotspots-main-icons-9ea32c4\" data-tab=\"#elementor-tab-title-9ea32c4\"                        data-tooltip-content=\"#tooltip_content\">\n                                            <i class=\"opal-image-hotspots-icon\"><\/i>\n                                        <div class=\"opal-image-hotspots-tooltips-wrapper\">\n                        <div id=\"tooltip_content\"\n                             class=\"opal-image-hotspots-tooltips-text opal-image-hotspots-tooltips-text-59c0f27\"><p>Quer\u00e9taro<\/p><\/div>\n                    <\/div>\n                <\/div>\n                    <\/div>\n\n        \t\t<\/div>\n\t\t\t\t<\/div>\n\t\t\t\t\t\t<\/div>\n\t\t\t\t\t<\/div>\n\t\t<\/div>\n\t\t\t\t\t\t\t\t<\/div>\n\t\t\t\t\t<\/div>\n\t\t<\/section>\n\t\t\t\t<section class=\"elementor-section elementor-top-section elementor-element elementor-element-257a3c3 elementor-section-boxed elementor-section-height-default elementor-section-height-default\" data-id=\"257a3c3\" data-element_type=\"section\">\n\t\t\t\t\t\t<div class=\"elementor-container elementor-column-gap-no\">\n\t\t\t\t\t\t\t<div class=\"elementor-row\">\n\t\t\t\t\t<div class=\"elementor-column elementor-col-50 elementor-top-column elementor-element elementor-element-1d6f08b\" data-id=\"1d6f08b\" data-element_type=\"column\">\n\t\t\t<div class=\"elementor-column-wrap elementor-element-populated\">\n\t\t\t\t\t\t\t<div class=\"elementor-widget-wrap\">\n\t\t\t\t\t\t<div class=\"elementor-element elementor-element-2014ac3 animated-fast elementor-invisible elementor-widget elementor-widget-heading\" data-id=\"2014ac3\" data-element_type=\"widget\" data-settings=\"{&quot;_animation&quot;:&quot;opal-move-up&quot;,&quot;_animation_delay&quot;:150}\" data-widget_type=\"heading.default\">\n\t\t\t\t<div class=\"elementor-widget-container\">\n\t\t\t<div class=\"elementor-heading-wrapper\" ><span class=\"sub-title\">Leave us a message<\/span><div class=\"elementor-heading-wrapper-inner\"><h2 class=\"elementor-heading-title elementor-size-default\">We are here to help you<\/h2><\/div><\/div>\t\t<\/div>\n\t\t\t\t<\/div>\n\t\t\t\t<div class=\"elementor-element elementor-element-cc707fe animated-fast elementor-align-left elementor-wpcf7-button-primary elementor-wpcf7-button-md elementor-invisible elementor-widget elementor-widget-opal-contactform7\" data-id=\"cc707fe\" data-element_type=\"widget\" data-settings=\"{&quot;_animation&quot;:&quot;opal-move-up&quot;,&quot;_animation_delay&quot;:250}\" data-widget_type=\"opal-contactform7.default\">\n\t\t\t\t<div class=\"elementor-widget-container\">\n\t\t\t<div role=\"form\" class=\"wpcf7\" id=\"wpcf7-f1052-o1\" lang=\"en-US\" dir=\"ltr\">\n<div class=\"screen-reader-response\"><p role=\"status\" aria-live=\"polite\" aria-atomic=\"true\"><\/p> <ul><\/ul><\/div>\n<form action=\"\/en\/wp-json\/wp\/v2\/pages\/341#wpcf7-f1052-o1\" method=\"post\" class=\"wpcf7-form init\" novalidate=\"novalidate\" data-status=\"init\" data-trp-original-action=\"\/en\/wp-json\/wp\/v2\/pages\/341#wpcf7-f1052-o1\">\n<div style=\"display: none;\">\n<input type=\"hidden\" name=\"_wpcf7\" value=\"1052\" \/>\n<input type=\"hidden\" name=\"_wpcf7_version\" value=\"5.4.2\" \/>\n<input type=\"hidden\" name=\"_wpcf7_locale\" value=\"en_US\" \/>\n<input type=\"hidden\" name=\"_wpcf7_unit_tag\" value=\"wpcf7-f1052-o1\" \/>\n<input type=\"hidden\" name=\"_wpcf7_container_post\" value=\"0\" \/>\n<input type=\"hidden\" name=\"_wpcf7_posted_data_hash\" value=\"\" \/>\n<\/div>\n<div class=\"row\">\n<div class=\"col-md-12\">\n<div class=\"mb-4\">\n<span class=\"wpcf7-form-control-wrap nombre-cliente\"><input type=\"text\" name=\"nombre-cliente\" value=\"\" size=\"40\" class=\"wpcf7-form-control wpcf7-text\" id=\"form-name\" aria-invalid=\"false\" placeholder=\"Name\" \/><\/span>\n<\/div>\n<div class=\"mb-4\">\n<span class=\"wpcf7-form-control-wrap email-cliente\"><input type=\"email\" name=\"email-cliente\" value=\"\" size=\"40\" class=\"wpcf7-form-control wpcf7-text wpcf7-email wpcf7-validates-as-required wpcf7-validates-as-email\" id=\"form-email\" aria-required=\"true\" aria-invalid=\"false\" placeholder=\"Email\" \/><\/span>\n<\/div>\n<div class=\"mb-4\">\n<span class=\"wpcf7-form-control-wrap tel-cliente\"><input type=\"tel\" name=\"tel-cliente\" value=\"\" size=\"40\" class=\"wpcf7-form-control wpcf7-text wpcf7-tel wpcf7-validates-as-required wpcf7-validates-as-tel\" id=\"tel-cliente\" aria-required=\"true\" aria-invalid=\"false\" placeholder=\"Tel\u00e9fono: 55 1234 5678\" \/><\/span>\n<\/div>\n<div class=\"mb-4\">\n<span class=\"wpcf7-form-control-wrap asunto-cliente\"><input type=\"text\" name=\"asunto-cliente\" value=\"\" size=\"40\" class=\"wpcf7-form-control wpcf7-text\" id=\"form-subject\" aria-invalid=\"false\" placeholder=\"Subject\" \/><\/span>\n<\/div>\n<div class=\"mb-4\">\n<span class=\"wpcf7-form-control-wrap mensaje-cliente\"><textarea name=\"mensaje-cliente\" cols=\"40\" rows=\"3\" class=\"wpcf7-form-control wpcf7-textarea form-control\" id=\"textarea\" aria-invalid=\"false\" placeholder=\"Message\"><\/textarea><\/span>\n<\/div>\n<\/div>\n<p><span id=\"wpcf7-69f1d5bc1bd02-wrapper\" class=\"wpcf7-form-control-wrap honeypot-689-wrap\" ><input type=\"hidden\" name=\"honeypot-689-time-start\" value=\"1777456572\"><input type=\"hidden\" name=\"honeypot-689-time-check\" value=\"6\"><label for=\"numero-freq\" class=\"hp-message\">Please leave this field empty.<\/label><input id=\"numero-freq\"  class=\"wpcf7-form-control wpcf7-text text-value\" type=\"text\" name=\"honeypot-689\" value=\"\" size=\"40\" tabindex=\"-1\" autocomplete=\"new-password\" \/><\/span><\/p>\n<\/div>\n<div class=\"mb-4\">\n<label class=\"m-0\">Introduce el texto indicado en la imagen<\/label><input type=\"hidden\" name=\"_wpcf7_captcha_challenge_captcha-150\" value=\"3401868482\" \/><img class=\"wpcf7-form-control wpcf7-captchac wpcf7-captcha-captcha-150\" width=\"72\" height=\"24\" alt=\"captcha\" src=\"https:\/\/siteinmobiliaria.com\/wp-content\/uploads\/wpcf7_captcha\/3401868482.png\" \/> <span class=\"wpcf7-form-control-wrap captcha-150\"><input type=\"text\" name=\"captcha-150\" value=\"\" size=\"40\" class=\"wpcf7-form-control wpcf7-captchar\" autocomplete=\"off\" aria-invalid=\"false\" \/><\/span>\n<\/div>\n<p><button class=\"btn btn-default btn-sm\" type=\"submit\" value=\"Enviar\" id=\"submit_form\"><span>Send<\/span><i class=\"opal-icon-arrow-right\" aria-hidden=\"true\"><\/i><\/button><\/p>\n<div class=\"mt-2\" id=\"pre-confirm-message\" style=\"display: none;\">\n<legend>Enviando... espera a que salga el aviso de confirmaci\u00f3n de env\u00edo<\/legend>\n<\/div>\n<label class=\"apbct_special_field\" id=\"apbct_label_id37926\" for=\"apbct__email_id__wp_contact_form_7_37926\">37926<\/label><input \n        id=\"apbct__email_id__wp_contact_form_7_37926\" \n        class=\"apbct_special_field apbct__email_id__wp_contact_form_7\"\n        autocomplete=\"off\" \n        name=\"apbct__email_id__wp_contact_form_7_37926\"  \n        type=\"text\" \n        value=\"37926\" \n        size=\"30\" \n        apbct_event_id=\"37926\"\n        maxlength=\"200\" \n    \/><input \n        id=\"apbct_event_id\"\n        class=\"apbct_special_field\"\n        name=\"apbct_event_id\"\n        type=\"hidden\" \n        value=\"37926\" \n            \/><div class=\"wpcf7-response-output\" aria-hidden=\"true\"><\/div><input type=\"hidden\" name=\"trp-form-language\" value=\"en\"\/><\/form><\/div>\t\t<\/div>\n\t\t\t\t<\/div>\n\t\t\t\t\t\t<\/div>\n\t\t\t\t\t<\/div>\n\t\t<\/div>\n\t\t\t\t<div class=\"elementor-column elementor-col-50 elementor-top-column elementor-element elementor-element-241fdf9 animated-fast elementor-hidden-desktop elementor-hidden-tablet elementor-hidden-phone elementor-invisible\" data-id=\"241fdf9\" data-element_type=\"column\" data-settings=\"{&quot;animation&quot;:&quot;opal-move-up&quot;}\">\n\t\t\t<div class=\"elementor-column-wrap elementor-element-populated\">\n\t\t\t\t\t\t\t<div class=\"elementor-widget-wrap\">\n\t\t\t\t\t\t<div class=\"elementor-element elementor-element-79d5432 elementor-position-left animated-fast elementor-vertical-align-top elementor-invisible elementor-widget elementor-widget-image-box\" data-id=\"79d5432\" data-element_type=\"widget\" data-settings=\"{&quot;_animation&quot;:&quot;opal-move-up&quot;}\" data-widget_type=\"image-box.default\">\n\t\t\t\t<div class=\"elementor-widget-container\">\n\t\t\t<div class=\"elementor-image-box-wrapper elementor-button-\"><div class=\"elementor-image-framed\"><figure class=\"elementor-image-box-img\"><img src=\"http:\/\/source.wpopal.com\/rehomes\/wp-content\/uploads\/2019\/10\/about-leader-3.jpg\" title=\"\" alt=\"\" \/><\/figure><\/div><div class=\"elementor-image-box-content\"><h3 class=\"elementor-image-box-title\">John Doe<\/h3><p class=\"elementor-image-box-description\">Senior Marketing Manager<br>\nPhone: + 844 123 444 77 88<br>\nEmail: contact@example.com<\/p><\/div><\/div>\t\t<\/div>\n\t\t\t\t<\/div>\n\t\t\t\t<div class=\"elementor-element elementor-element-c835652 elementor-position-left animated-fast elementor-vertical-align-top elementor-invisible elementor-widget elementor-widget-image-box\" data-id=\"c835652\" data-element_type=\"widget\" data-settings=\"{&quot;_animation&quot;:&quot;opal-move-up&quot;}\" data-widget_type=\"image-box.default\">\n\t\t\t\t<div class=\"elementor-widget-container\">\n\t\t\t<div class=\"elementor-image-box-wrapper elementor-button-\"><div class=\"elementor-image-framed\"><figure class=\"elementor-image-box-img\"><img src=\"http:\/\/source.wpopal.com\/rehomes\/wp-content\/uploads\/2019\/10\/about-leader-5.jpg\" title=\"\" alt=\"\" \/><\/figure><\/div><div class=\"elementor-image-box-content\"><h3 class=\"elementor-image-box-title\">William Smith<\/h3><p class=\"elementor-image-box-description\">Recruiting Manager<br>\nPhone: + 844 123 444 77 88<br>\nEmail: contact@example.com<\/p><\/div><\/div>\t\t<\/div>\n\t\t\t\t<\/div>\n\t\t\t\t<div class=\"elementor-element elementor-element-d700a0c elementor-position-left animated-fast elementor-vertical-align-top elementor-invisible elementor-widget elementor-widget-image-box\" data-id=\"d700a0c\" data-element_type=\"widget\" data-settings=\"{&quot;_animation&quot;:&quot;opal-move-up&quot;}\" data-widget_type=\"image-box.default\">\n\t\t\t\t<div class=\"elementor-widget-container\">\n\t\t\t<div class=\"elementor-image-box-wrapper elementor-button-\"><div class=\"elementor-image-framed\"><figure class=\"elementor-image-box-img\"><img src=\"http:\/\/source.wpopal.com\/rehomes\/wp-content\/uploads\/2019\/10\/about-leader-4.jpg\" title=\"\" alt=\"\" \/><\/figure><\/div><div class=\"elementor-image-box-content\"><h3 class=\"elementor-image-box-title\">Emma Stone<\/h3><p class=\"elementor-image-box-description\">Human Resource<br>\nPhone: + 844 123 444 77 88<br>\nEmail: contact@example.com<\/p><\/div><\/div>\t\t<\/div>\n\t\t\t\t<\/div>\n\t\t\t\t\t\t<\/div>\n\t\t\t\t\t<\/div>\n\t\t<\/div>\n\t\t\t\t\t\t\t\t<\/div>\n\t\t\t\t\t<\/div>\n\t\t<\/section>\n\t\t\t\t\t\t<\/div>\n\t\t\t\t\t\t<\/div>\n\t\t\t\t\t<\/div>","protected":false},"excerpt":{"rendered":"<p>Cont\u00e1ctanos Uno de nuestros asesores te atender\u00e1 con gusto Nuestras Oficinas Quer\u00e9taro Business Park, Torre 1, Piso 2, Oficina C, Calle Antea No. 1088, Col. Jurica CP. 76100 Quer\u00e9taro, M\u00e9xico. informes@siteinmobiliaria.com +52 (442) 218 5585 Lunes a Viernes: 9:00am a 7:00pm Quer\u00e9taro D\u00e9janos un mensaje Estamos para asesorarte Enviar John Doe Senior Marketing Manager Phone: &hellip; <\/p>\n<p class=\"link-more\"><a href=\"https:\/\/siteinmobiliaria.com\/en\/contactanos\/\" class=\"more-link\">Read More <span class=\"screen-reader-text\"> &#8220;Cont\u00e1ctanos&#8221;<\/span><\/a><\/p>","protected":false},"author":1,"featured_media":0,"parent":0,"menu_order":0,"comment_status":"closed","ping_status":"closed","template":"","meta":{"inline_featured_image":false},"_links":{"self":[{"href":"https:\/\/siteinmobiliaria.com\/en\/wp-json\/wp\/v2\/pages\/341"}],"collection":[{"href":"https:\/\/siteinmobiliaria.com\/en\/wp-json\/wp\/v2\/pages"}],"about":[{"href":"https:\/\/siteinmobiliaria.com\/en\/wp-json\/wp\/v2\/types\/page"}],"author":[{"embeddable":true,"href":"https:\/\/siteinmobiliaria.com\/en\/wp-json\/wp\/v2\/users\/1"}],"replies":[{"embeddable":true,"href":"https:\/\/siteinmobiliaria.com\/en\/wp-json\/wp\/v2\/comments?post=341"}],"version-history":[{"count":1,"href":"https:\/\/siteinmobiliaria.com\/en\/wp-json\/wp\/v2\/pages\/341\/revisions"}],"predecessor-version":[{"id":6917,"href":"https:\/\/siteinmobiliaria.com\/en\/wp-json\/wp\/v2\/pages\/341\/revisions\/6917"}],"wp:attachment":[{"href":"https:\/\/siteinmobiliaria.com\/en\/wp-json\/wp\/v2\/media?parent=341"}],"curies":[{"name":"wp","href":"https:\/\/api.w.org\/{rel}","templated":true}]}}