{"id":3832,"date":"2021-03-16T00:16:48","date_gmt":"2021-03-16T00:16:48","guid":{"rendered":"http:\/\/siteinmobiliaria.com\/v2\/?page_id=3832"},"modified":"2021-05-22T22:23:49","modified_gmt":"2021-05-22T22:23:49","slug":"casos-de-exito-localizacion-y-seleccion-de-predios","status":"publish","type":"page","link":"https:\/\/siteinmobiliaria.com\/en\/casos-de-exito-localizacion-y-seleccion-de-predios\/","title":{"rendered":"Success Stories - Exeter Property Group"},"content":{"rendered":"<div data-elementor-type=\"wp-page\" data-elementor-id=\"3832\" class=\"elementor elementor-3832\" data-elementor-settings=\"[]\">\n\t\t\t\t\t\t<div class=\"elementor-inner\">\n\t\t\t\t\t\t\t<div class=\"elementor-section-wrap\">\n\t\t\t\t\t\t\t<section class=\"elementor-section elementor-top-section elementor-element elementor-element-80ccb28 elementor-section-stretched elementor-section-content-middle elementor-section-boxed elementor-section-height-default elementor-section-height-default\" data-id=\"80ccb28\" data-element_type=\"section\" data-settings=\"{&quot;stretch_section&quot;:&quot;section-stretched&quot;}\">\n\t\t\t\t\t\t<div class=\"elementor-container elementor-column-gap-no\">\n\t\t\t\t\t\t\t<div class=\"elementor-row\">\n\t\t\t\t\t<div class=\"elementor-column elementor-col-50 elementor-top-column elementor-element elementor-element-f45c8bd\" data-id=\"f45c8bd\" data-element_type=\"column\">\n\t\t\t<div class=\"elementor-column-wrap elementor-element-populated\">\n\t\t\t\t\t\t\t<div class=\"elementor-widget-wrap\">\n\t\t\t\t\t\t<div class=\"elementor-element elementor-element-152f4f7 elementor-widget elementor-widget-image\" data-id=\"152f4f7\" data-element_type=\"widget\" data-widget_type=\"image.default\">\n\t\t\t\t<div class=\"elementor-widget-container\">\n\t\t\t\t\t\t\t\t<div class=\"elementor-image\">\n\t\t\t\t\t\t\t\t\t\t\t\t<img width=\"500\" height=\"144\" src=\"https:\/\/siteinmobiliaria.com\/wp-content\/uploads\/2021\/03\/caso-exito-EXETER-.jpg\" class=\"attachment-full size-full\" alt=\"caso-exito-EXETER\" srcset=\"https:\/\/siteinmobiliaria.com\/wp-content\/uploads\/2021\/03\/caso-exito-EXETER-.jpg 500w, https:\/\/siteinmobiliaria.com\/wp-content\/uploads\/2021\/03\/caso-exito-EXETER--300x86.jpg 300w\" sizes=\"(max-width: 500px) 100vw, 500px\" \/>\t\t\t\t\t\t\t\t\t\t\t\t\t\t<\/div>\n\t\t\t\t\t\t<\/div>\n\t\t\t\t<\/div>\n\t\t\t\t<div class=\"elementor-element elementor-element-74f7e00 elementor-widget elementor-widget-text-editor\" data-id=\"74f7e00\" data-element_type=\"widget\" data-widget_type=\"text-editor.default\">\n\t\t\t\t<div class=\"elementor-widget-container\">\n\t\t\t        <div class=\"elementor-text-editor elementor-clearfix\"><h5>Site selection and land acquisition for Industrial Park<\/h5>\nRequirement: Land with industrial use on Highway 57 for the development of a large industrial park focused on logistics, manufacturing, aerospace, automotive and transformation. SITE identifies land in the State of Queretaro with suitable locations and conditions. EXETER finally decides to go to the Municipality of Pedro Escobedo, Quer\u00e9taro in a 50.5 Ha. site.<\/div>\n        \t\t<\/div>\n\t\t\t\t<\/div>\n\t\t\t\t\t\t<\/div>\n\t\t\t\t\t<\/div>\n\t\t<\/div>\n\t\t\t\t<div class=\"elementor-column elementor-col-50 elementor-top-column elementor-element elementor-element-3613d8b animated-fast elementor-invisible\" data-id=\"3613d8b\" data-element_type=\"column\" data-settings=\"{&quot;background_background&quot;:&quot;classic&quot;,&quot;animation&quot;:&quot;opal-move-up&quot;,&quot;animation_delay&quot;:150}\">\n\t\t\t<div class=\"elementor-column-wrap elementor-element-populated\">\n\t\t\t\t\t\t\t<div class=\"elementor-widget-wrap\">\n\t\t\t\t\t\t<div class=\"elementor-element elementor-element-f963664 elementor-widget elementor-widget-spacer\" data-id=\"f963664\" data-element_type=\"widget\" data-widget_type=\"spacer.default\">\n\t\t\t\t<div class=\"elementor-widget-container\">\n\t\t\t        <div class=\"elementor-spacer\">\n            <div class=\"elementor-spacer-inner\"><\/div>\n        <\/div>\n\t\t\t\t<\/div>\n\t\t\t\t<\/div>\n\t\t\t\t\t\t<\/div>\n\t\t\t\t\t<\/div>\n\t\t<\/div>\n\t\t\t\t\t\t\t\t<\/div>\n\t\t\t\t\t<\/div>\n\t\t<\/section>\n\t\t\t\t\t\t<\/div>\n\t\t\t\t\t\t<\/div>\n\t\t\t\t\t<\/div>","protected":false},"excerpt":{"rendered":"<p>Localizaci\u00f3n y selecci\u00f3n de predios para Parque Industrial Requerimiento: Tierra con uso Industrial sobre Carretera 57 para desarrollo de Parque Industrial de grandes superficies enfocado a usuarios de Log\u00edstica, manufactura, industria aeroespacial, automotriz y transformaci\u00f3n. SITE identifica predios en el Estado de Quer\u00e9taro con ubicaciones y condiciones adecuadas. EXETER decide finalmente irse al Municipio de &hellip; <\/p>\n<p class=\"link-more\"><a href=\"https:\/\/siteinmobiliaria.com\/en\/casos-de-exito-localizacion-y-seleccion-de-predios\/\" class=\"more-link\">Read More <span class=\"screen-reader-text\"> &#8220;Casos de \u00e9xito &#8211; Exeter Property Group&#8221;<\/span><\/a><\/p>","protected":false},"author":1,"featured_media":4491,"parent":0,"menu_order":0,"comment_status":"closed","ping_status":"closed","template":"","meta":{"inline_featured_image":false},"_links":{"self":[{"href":"https:\/\/siteinmobiliaria.com\/en\/wp-json\/wp\/v2\/pages\/3832"}],"collection":[{"href":"https:\/\/siteinmobiliaria.com\/en\/wp-json\/wp\/v2\/pages"}],"about":[{"href":"https:\/\/siteinmobiliaria.com\/en\/wp-json\/wp\/v2\/types\/page"}],"author":[{"embeddable":true,"href":"https:\/\/siteinmobiliaria.com\/en\/wp-json\/wp\/v2\/users\/1"}],"replies":[{"embeddable":true,"href":"https:\/\/siteinmobiliaria.com\/en\/wp-json\/wp\/v2\/comments?post=3832"}],"version-history":[{"count":0,"href":"https:\/\/siteinmobiliaria.com\/en\/wp-json\/wp\/v2\/pages\/3832\/revisions"}],"wp:featuredmedia":[{"embeddable":true,"href":"https:\/\/siteinmobiliaria.com\/en\/wp-json\/wp\/v2\/media\/4491"}],"wp:attachment":[{"href":"https:\/\/siteinmobiliaria.com\/en\/wp-json\/wp\/v2\/media?parent=3832"}],"curies":[{"name":"wp","href":"https:\/\/api.w.org\/{rel}","templated":true}]}}