{"id":3858,"date":"2021-03-16T00:34:41","date_gmt":"2021-03-16T00:34:41","guid":{"rendered":"http:\/\/siteinmobiliaria.com\/v2\/?page_id=3858"},"modified":"2021-05-22T22:24:42","modified_gmt":"2021-05-22T22:24:42","slug":"requerimiento-de-un-nuevo-parque-industrial","status":"publish","type":"page","link":"https:\/\/siteinmobiliaria.com\/en\/requerimiento-de-un-nuevo-parque-industrial\/","title":{"rendered":"Success Stories - FINSA III La Aldea"},"content":{"rendered":"<div data-elementor-type=\"wp-page\" data-elementor-id=\"3858\" class=\"elementor elementor-3858\" data-elementor-settings=\"[]\">\n\t\t\t\t\t\t<div class=\"elementor-inner\">\n\t\t\t\t\t\t\t<div class=\"elementor-section-wrap\">\n\t\t\t\t\t\t\t<section class=\"elementor-section elementor-top-section elementor-element elementor-element-80ccb28 elementor-section-stretched elementor-section-content-middle elementor-section-boxed elementor-section-height-default elementor-section-height-default\" data-id=\"80ccb28\" data-element_type=\"section\" data-settings=\"{&quot;stretch_section&quot;:&quot;section-stretched&quot;}\">\n\t\t\t\t\t\t<div class=\"elementor-container elementor-column-gap-no\">\n\t\t\t\t\t\t\t<div class=\"elementor-row\">\n\t\t\t\t\t<div class=\"elementor-column elementor-col-50 elementor-top-column elementor-element elementor-element-f45c8bd\" data-id=\"f45c8bd\" data-element_type=\"column\">\n\t\t\t<div class=\"elementor-column-wrap elementor-element-populated\">\n\t\t\t\t\t\t\t<div class=\"elementor-widget-wrap\">\n\t\t\t\t\t\t<div class=\"elementor-element elementor-element-152f4f7 elementor-widget elementor-widget-image\" data-id=\"152f4f7\" data-element_type=\"widget\" data-widget_type=\"image.default\">\n\t\t\t\t<div class=\"elementor-widget-container\">\n\t\t\t\t\t\t\t\t<div class=\"elementor-image\">\n\t\t\t\t\t\t\t\t\t\t\t\t<img width=\"579\" height=\"176\" src=\"https:\/\/siteinmobiliaria.com\/wp-content\/uploads\/2021\/03\/Caso-de-exito-Finsa-II.jpg\" class=\"attachment-full size-full\" alt=\"Caso-de-exito-Finsa-II\" srcset=\"https:\/\/siteinmobiliaria.com\/wp-content\/uploads\/2021\/03\/Caso-de-exito-Finsa-II.jpg 579w, https:\/\/siteinmobiliaria.com\/wp-content\/uploads\/2021\/03\/Caso-de-exito-Finsa-II-300x91.jpg 300w\" sizes=\"(max-width: 579px) 100vw, 579px\" \/>\t\t\t\t\t\t\t\t\t\t\t\t\t\t<\/div>\n\t\t\t\t\t\t<\/div>\n\t\t\t\t<\/div>\n\t\t\t\t<div class=\"elementor-element elementor-element-74f7e00 elementor-widget elementor-widget-text-editor\" data-id=\"74f7e00\" data-element_type=\"widget\" data-widget_type=\"text-editor.default\">\n\t\t\t\t<div class=\"elementor-widget-container\">\n\t\t\t        <div class=\"elementor-text-editor elementor-clearfix\"><h5>Industrial Operations<\/h5><p>Requirement: New Industrial Park, with smaller territorial extensions, focused on aerospace, automotive and logistics users.<\/p><p>Under assignment, SITE identifies land in the State of Queretaro with suitable locations and conditions.<\/p><p>It convenes the owners of the different sites and begins negotiations.<\/p><p>FINSA finally decides on a property of 72.52 hectares. In an area known as La Aldea on highway 57 San Luis Potos\u00ed - Quer\u00e9taro.<\/p><\/div>\n        \t\t<\/div>\n\t\t\t\t<\/div>\n\t\t\t\t\t\t<\/div>\n\t\t\t\t\t<\/div>\n\t\t<\/div>\n\t\t\t\t<div class=\"elementor-column elementor-col-50 elementor-top-column elementor-element elementor-element-3613d8b animated-fast elementor-invisible\" data-id=\"3613d8b\" data-element_type=\"column\" data-settings=\"{&quot;background_background&quot;:&quot;classic&quot;,&quot;animation&quot;:&quot;opal-move-up&quot;,&quot;animation_delay&quot;:150}\">\n\t\t\t<div class=\"elementor-column-wrap elementor-element-populated\">\n\t\t\t\t\t\t\t<div class=\"elementor-widget-wrap\">\n\t\t\t\t\t\t<div class=\"elementor-element elementor-element-f963664 elementor-widget elementor-widget-spacer\" data-id=\"f963664\" data-element_type=\"widget\" data-widget_type=\"spacer.default\">\n\t\t\t\t<div class=\"elementor-widget-container\">\n\t\t\t        <div class=\"elementor-spacer\">\n            <div class=\"elementor-spacer-inner\"><\/div>\n        <\/div>\n\t\t\t\t<\/div>\n\t\t\t\t<\/div>\n\t\t\t\t\t\t<\/div>\n\t\t\t\t\t<\/div>\n\t\t<\/div>\n\t\t\t\t\t\t\t\t<\/div>\n\t\t\t\t\t<\/div>\n\t\t<\/section>\n\t\t\t\t\t\t<\/div>\n\t\t\t\t\t\t<\/div>\n\t\t\t\t\t<\/div>","protected":false},"excerpt":{"rendered":"<p>Operaciones Industriales Requerimiento: Nuevo Parque Industrial, con extensiones territoriales m\u00e1s reducidas, enfocado a usuarios de la industria aeroespacial, automotriz y log\u00edstica. Bajo asignaci\u00f3n, SITE identifica predios en el Estado de Quer\u00e9taro con ubicaciones y condiciones adecuadas. Convoca a due\u00f1os de los diferentes predios e inicia negociaciones. FINSA decide finalmente por un predio de 72.52 Ha. &hellip; <\/p>\n<p class=\"link-more\"><a href=\"https:\/\/siteinmobiliaria.com\/en\/requerimiento-de-un-nuevo-parque-industrial\/\" class=\"more-link\">Read More <span class=\"screen-reader-text\"> &#8220;Casos de \u00e9xito &#8211; FINSA III La Aldea&#8221;<\/span><\/a><\/p>","protected":false},"author":1,"featured_media":3802,"parent":0,"menu_order":0,"comment_status":"closed","ping_status":"closed","template":"","meta":{"inline_featured_image":false},"_links":{"self":[{"href":"https:\/\/siteinmobiliaria.com\/en\/wp-json\/wp\/v2\/pages\/3858"}],"collection":[{"href":"https:\/\/siteinmobiliaria.com\/en\/wp-json\/wp\/v2\/pages"}],"about":[{"href":"https:\/\/siteinmobiliaria.com\/en\/wp-json\/wp\/v2\/types\/page"}],"author":[{"embeddable":true,"href":"https:\/\/siteinmobiliaria.com\/en\/wp-json\/wp\/v2\/users\/1"}],"replies":[{"embeddable":true,"href":"https:\/\/siteinmobiliaria.com\/en\/wp-json\/wp\/v2\/comments?post=3858"}],"version-history":[{"count":0,"href":"https:\/\/siteinmobiliaria.com\/en\/wp-json\/wp\/v2\/pages\/3858\/revisions"}],"wp:featuredmedia":[{"embeddable":true,"href":"https:\/\/siteinmobiliaria.com\/en\/wp-json\/wp\/v2\/media\/3802"}],"wp:attachment":[{"href":"https:\/\/siteinmobiliaria.com\/en\/wp-json\/wp\/v2\/media?parent=3858"}],"curies":[{"name":"wp","href":"https:\/\/api.w.org\/{rel}","templated":true}]}}